{"id":1135,"date":"2022-11-04T05:51:25","date_gmt":"2022-11-03T18:51:25","guid":{"rendered":"https:\/\/aurumpoultryco.au\/product\/%e7%a6%8f%e7%9a%87%e5%b0%91%e7%88%ba%e9%9b%9e-%e9%bb%83%e6%b2%b9%e5%b0%91%e7%88%ba%e9%9b%9e%e5%85%a8%e8%84%be-dui-ga-chay-bo\/"},"modified":"2025-09-14T23:18:38","modified_gmt":"2025-09-14T12:18:38","slug":"fook-wong-chicken-cockerel-maryland-1kg-pack-4-pieces-chi","status":"publish","type":"product","link":"https:\/\/aurumpoultryco.au\/zh-hant\/product\/fook-wong-chicken-cockerel-maryland-1kg-pack-4-pieces-chi\/","title":{"rendered":"\u798f\u7687\u5c11\u723a\u96de | \u9ec3\u6cb9\u5c11\u723a\u96de\u5168\u813e &#8211; \u0110\u00f9i G\u00e0 Da V\u00e0ng"},"content":{"rendered":"<p>\u6fc3\u90c1\u7f8e\u5473\uff0c\u96c6\u65bc\u4e00\u8eab\u3002\u91d1\u724c\u798f\u7687\u5c11\u723a\u96de\uff0c\u4e00\u8eab\u5149\u4eae\u7fbd\u6bdb\uff0c\u986f\u5f97\u7cbe\u795e\u5955\u5955\u3002\u539a\u5be6\u7684\u96d9\u8173\uff0c\u4f86\u81ea\u6bcf\u5929\u81ea\u7531\u81ea\u5728\u7684\u5927\u7bc4\u570d\u6f2b\u6b65\u6d3b\u52d5\u3002 \u91d1\u724c\u798f\u7687\u96de\uff0c\u4ee3\u8868\u7684\u4e0d\u53ea\u662f\u7f8e\u5473\uff0c\u4e5f\u662f\u798f\u6c23\u3002\u6fc3\u90c1\u9bae\u751c\u7684\u96de\u98a8\u5473\u3001\u8c50\u5bcc\u7684\u81a0\u539f\u86cb\u767d\u3001\u6070\u5230\u597d\u8655\u7684\u8102\u80aa\u6bd4\u4f8b\uff0c\u662f\u990a\u751f\u81b3\u98df\u7684\u9996\u9078\uff0c\u66f4\u662f\u8207\u5bb6\u4eba\u670b\u53cb\u5171\u4eab\u6b61\u6a02\u6642\u5149 \u7684\u4e0a\u597d\u98df\u6750\u3002<\/p>\n<p>\u9ec3\u6cb9\u5c11\u723a\u96de\u8089\u8cea\u7d30\u81a9\u3001\u76ae\u8584\u9aa8\u7d30\u3001\u5e36\u9ec3\u6cb9\u3001\u723d\u53e3\u5ae9\u6ed1\uff0c\u540c\u6642\uff0c\u6709\u8457\u8ff7\u4eba\u7684\u9bae\u751c\u96de\u5473\u3002<\/p>\n","protected":false},"excerpt":{"rendered":"<p>\u6fc3\u90c1\u7f8e\u5473\uff0c\u96c6\u65bc\u4e00\u8eab\u3002\u91d1\u724c\u798f\u7687\u5c11\u723a\u96de\uff0c\u4e00\u8eab\u5149\u4eae\u7fbd\u6bdb\uff0c\u986f\u5f97\u7cbe\u795e\u5955\u5955\u3002\u539a\u5be6\u7684\u96d9\u8173\uff0c\u4f86\u81ea\u6bcf\u5929\u81ea\u7531\u81ea\u5728\u7684\u5927\u7bc4\u570d\u6f2b\u6b65\u6d3b\u52d5\u3002 [&hellip;]<\/p>\n","protected":false},"featured_media":4274,"comment_status":"open","ping_status":"closed","template":"","meta":{"_acf_changed":false,"wprm-recipe-roundup-name":"","wprm-recipe-roundup-description":"","_sitemap_exclude":false,"_sitemap_priority":"","_sitemap_frequency":""},"product_brand":[],"product_cat":[80,79],"product_tag":[],"class_list":{"0":"post-1135","1":"product","2":"type-product","3":"status-publish","4":"has-post-thumbnail","6":"product_cat-80","7":"product_cat-79","8":"entry","9":"has-media","11":"first","12":"outofstock","13":"featured","14":"purchasable","15":"product-type-simple"},"acf":[],"yoast_head":"<!-- This site is optimized with the Yoast SEO plugin v24.8.1 - https:\/\/yoast.com\/wordpress\/plugins\/seo\/ -->\n<title>\u798f\u7687\u5c11\u723a\u96de | \u9ec3\u6cb9\u5c11\u723a\u96de\u5168\u813e - \u0110\u00f9i G\u00e0 Da V\u00e0ng - Aurum Poultry Co.<\/title>\n<meta name=\"robots\" content=\"index, follow, max-snippet:-1, max-image-preview:large, max-video-preview:-1\" \/>\n<link rel=\"canonical\" href=\"https:\/\/aurumpoultryco.au\/zh-hant\/product\/fook-wong-chicken-cockerel-maryland-1kg-pack-4-pieces-chi\/\" \/>\n<meta property=\"og:locale\" content=\"zh_TW\" \/>\n<meta property=\"og:type\" content=\"article\" \/>\n<meta property=\"og:title\" content=\"\u798f\u7687\u5c11\u723a\u96de | \u9ec3\u6cb9\u5c11\u723a\u96de\u5168\u813e - \u0110\u00f9i G\u00e0 Da V\u00e0ng - Aurum Poultry Co.\" \/>\n<meta property=\"og:description\" content=\"\u6fc3\u90c1\u7f8e\u5473\uff0c\u96c6\u65bc\u4e00\u8eab\u3002\u91d1\u724c\u798f\u7687\u5c11\u723a\u96de\uff0c\u4e00\u8eab\u5149\u4eae\u7fbd\u6bdb\uff0c\u986f\u5f97\u7cbe\u795e\u5955\u5955\u3002\u539a\u5be6\u7684\u96d9\u8173\uff0c\u4f86\u81ea\u6bcf\u5929\u81ea\u7531\u81ea\u5728\u7684\u5927\u7bc4\u570d\u6f2b\u6b65\u6d3b\u52d5\u3002 [&hellip;]\" \/>\n<meta property=\"og:url\" content=\"https:\/\/aurumpoultryco.au\/zh-hant\/product\/fook-wong-chicken-cockerel-maryland-1kg-pack-4-pieces-chi\/\" \/>\n<meta property=\"og:site_name\" content=\"Aurum Poultry Co.\" \/>\n<meta property=\"article:modified_time\" content=\"2025-09-14T12:18:38+00:00\" \/>\n<meta property=\"og:image\" content=\"https:\/\/aurumpoultryco.au\/wp-content\/uploads\/2022\/11\/imgonline-com-ua-resize-2Xtb7MWqPa-scaled.webp\" \/>\n\t<meta property=\"og:image:width\" content=\"2560\" \/>\n\t<meta property=\"og:image:height\" content=\"2560\" \/>\n\t<meta property=\"og:image:type\" content=\"image\/webp\" \/>\n<meta name=\"twitter:card\" content=\"summary_large_image\" \/>\n<script type=\"application\/ld+json\" class=\"yoast-schema-graph\">{\"@context\":\"https:\/\/schema.org\",\"@graph\":[{\"@type\":\"WebPage\",\"@id\":\"https:\/\/aurumpoultryco.au\/zh-hant\/product\/fook-wong-chicken-cockerel-maryland-1kg-pack-4-pieces-chi\/\",\"url\":\"https:\/\/aurumpoultryco.au\/zh-hant\/product\/fook-wong-chicken-cockerel-maryland-1kg-pack-4-pieces-chi\/\",\"name\":\"\u798f\u7687\u5c11\u723a\u96de | \u9ec3\u6cb9\u5c11\u723a\u96de\u5168\u813e - \u0110\u00f9i G\u00e0 Da V\u00e0ng - Aurum Poultry Co.\",\"isPartOf\":{\"@id\":\"https:\/\/aurumpoultryco.au\/#website\"},\"primaryImageOfPage\":{\"@id\":\"https:\/\/aurumpoultryco.au\/zh-hant\/product\/fook-wong-chicken-cockerel-maryland-1kg-pack-4-pieces-chi\/#primaryimage\"},\"image\":{\"@id\":\"https:\/\/aurumpoultryco.au\/zh-hant\/product\/fook-wong-chicken-cockerel-maryland-1kg-pack-4-pieces-chi\/#primaryimage\"},\"thumbnailUrl\":\"https:\/\/aurumpoultryco.au\/wp-content\/uploads\/2022\/11\/imgonline-com-ua-resize-2Xtb7MWqPa-scaled.webp\",\"datePublished\":\"2022-11-03T18:51:25+00:00\",\"dateModified\":\"2025-09-14T12:18:38+00:00\",\"breadcrumb\":{\"@id\":\"https:\/\/aurumpoultryco.au\/zh-hant\/product\/fook-wong-chicken-cockerel-maryland-1kg-pack-4-pieces-chi\/#breadcrumb\"},\"inLanguage\":\"zh-TW\",\"potentialAction\":[{\"@type\":\"ReadAction\",\"target\":[\"https:\/\/aurumpoultryco.au\/zh-hant\/product\/fook-wong-chicken-cockerel-maryland-1kg-pack-4-pieces-chi\/\"]}]},{\"@type\":\"ImageObject\",\"inLanguage\":\"zh-TW\",\"@id\":\"https:\/\/aurumpoultryco.au\/zh-hant\/product\/fook-wong-chicken-cockerel-maryland-1kg-pack-4-pieces-chi\/#primaryimage\",\"url\":\"https:\/\/aurumpoultryco.au\/wp-content\/uploads\/2022\/11\/imgonline-com-ua-resize-2Xtb7MWqPa-scaled.webp\",\"contentUrl\":\"https:\/\/aurumpoultryco.au\/wp-content\/uploads\/2022\/11\/imgonline-com-ua-resize-2Xtb7MWqPa-scaled.webp\",\"width\":2560,\"height\":2560},{\"@type\":\"BreadcrumbList\",\"@id\":\"https:\/\/aurumpoultryco.au\/zh-hant\/product\/fook-wong-chicken-cockerel-maryland-1kg-pack-4-pieces-chi\/#breadcrumb\",\"itemListElement\":[{\"@type\":\"ListItem\",\"position\":1,\"name\":\"Home\",\"item\":\"https:\/\/aurumpoultryco.au\/\"},{\"@type\":\"ListItem\",\"position\":2,\"name\":\"\u9bae\u7269\u7db2\u5e97\u5e02\u5834\",\"item\":\"https:\/\/aurumpoultryco.au\/zh-hant\/%e5%ba%97%e9%8b%aa\/\"},{\"@type\":\"ListItem\",\"position\":3,\"name\":\"\u798f\u7687\u5c11\u723a\u96de | \u9ec3\u6cb9\u5c11\u723a\u96de\u5168\u813e &#8211; \u0110\u00f9i G\u00e0 Da V\u00e0ng\"}]},{\"@type\":\"WebSite\",\"@id\":\"https:\/\/aurumpoultryco.au\/#website\",\"url\":\"https:\/\/aurumpoultryco.au\/\",\"name\":\"Aurum Poultry Co.\",\"description\":\"\",\"publisher\":{\"@id\":\"https:\/\/aurumpoultryco.au\/#organization\"},\"potentialAction\":[{\"@type\":\"SearchAction\",\"target\":{\"@type\":\"EntryPoint\",\"urlTemplate\":\"https:\/\/aurumpoultryco.au\/?s={search_term_string}\"},\"query-input\":{\"@type\":\"PropertyValueSpecification\",\"valueRequired\":true,\"valueName\":\"search_term_string\"}}],\"inLanguage\":\"zh-TW\"},{\"@type\":\"Organization\",\"@id\":\"https:\/\/aurumpoultryco.au\/#organization\",\"name\":\"Aurum Poultry Co.\",\"url\":\"https:\/\/aurumpoultryco.au\/\",\"logo\":{\"@type\":\"ImageObject\",\"inLanguage\":\"zh-TW\",\"@id\":\"https:\/\/aurumpoultryco.au\/#\/schema\/logo\/image\/\",\"url\":\"https:\/\/aurumpoultryco.au\/wp-content\/uploads\/2022\/11\/black-logo.png\",\"contentUrl\":\"https:\/\/aurumpoultryco.au\/wp-content\/uploads\/2022\/11\/black-logo.png\",\"width\":162,\"height\":93,\"caption\":\"Aurum Poultry Co.\"},\"image\":{\"@id\":\"https:\/\/aurumpoultryco.au\/#\/schema\/logo\/image\/\"}}]}<\/script>\n<!-- \/ Yoast SEO plugin. -->","yoast_head_json":{"title":"\u798f\u7687\u5c11\u723a\u96de | \u9ec3\u6cb9\u5c11\u723a\u96de\u5168\u813e - \u0110\u00f9i G\u00e0 Da V\u00e0ng - Aurum Poultry Co.","robots":{"index":"index","follow":"follow","max-snippet":"max-snippet:-1","max-image-preview":"max-image-preview:large","max-video-preview":"max-video-preview:-1"},"canonical":"https:\/\/aurumpoultryco.au\/zh-hant\/product\/fook-wong-chicken-cockerel-maryland-1kg-pack-4-pieces-chi\/","og_locale":"zh_TW","og_type":"article","og_title":"\u798f\u7687\u5c11\u723a\u96de | \u9ec3\u6cb9\u5c11\u723a\u96de\u5168\u813e - \u0110\u00f9i G\u00e0 Da V\u00e0ng - Aurum Poultry Co.","og_description":"\u6fc3\u90c1\u7f8e\u5473\uff0c\u96c6\u65bc\u4e00\u8eab\u3002\u91d1\u724c\u798f\u7687\u5c11\u723a\u96de\uff0c\u4e00\u8eab\u5149\u4eae\u7fbd\u6bdb\uff0c\u986f\u5f97\u7cbe\u795e\u5955\u5955\u3002\u539a\u5be6\u7684\u96d9\u8173\uff0c\u4f86\u81ea\u6bcf\u5929\u81ea\u7531\u81ea\u5728\u7684\u5927\u7bc4\u570d\u6f2b\u6b65\u6d3b\u52d5\u3002 [&hellip;]","og_url":"https:\/\/aurumpoultryco.au\/zh-hant\/product\/fook-wong-chicken-cockerel-maryland-1kg-pack-4-pieces-chi\/","og_site_name":"Aurum Poultry Co.","article_modified_time":"2025-09-14T12:18:38+00:00","og_image":[{"width":2560,"height":2560,"url":"https:\/\/aurumpoultryco.au\/wp-content\/uploads\/2022\/11\/imgonline-com-ua-resize-2Xtb7MWqPa-scaled.webp","type":"image\/webp"}],"twitter_card":"summary_large_image","schema":{"@context":"https:\/\/schema.org","@graph":[{"@type":"WebPage","@id":"https:\/\/aurumpoultryco.au\/zh-hant\/product\/fook-wong-chicken-cockerel-maryland-1kg-pack-4-pieces-chi\/","url":"https:\/\/aurumpoultryco.au\/zh-hant\/product\/fook-wong-chicken-cockerel-maryland-1kg-pack-4-pieces-chi\/","name":"\u798f\u7687\u5c11\u723a\u96de | \u9ec3\u6cb9\u5c11\u723a\u96de\u5168\u813e - \u0110\u00f9i G\u00e0 Da V\u00e0ng - Aurum Poultry Co.","isPartOf":{"@id":"https:\/\/aurumpoultryco.au\/#website"},"primaryImageOfPage":{"@id":"https:\/\/aurumpoultryco.au\/zh-hant\/product\/fook-wong-chicken-cockerel-maryland-1kg-pack-4-pieces-chi\/#primaryimage"},"image":{"@id":"https:\/\/aurumpoultryco.au\/zh-hant\/product\/fook-wong-chicken-cockerel-maryland-1kg-pack-4-pieces-chi\/#primaryimage"},"thumbnailUrl":"https:\/\/aurumpoultryco.au\/wp-content\/uploads\/2022\/11\/imgonline-com-ua-resize-2Xtb7MWqPa-scaled.webp","datePublished":"2022-11-03T18:51:25+00:00","dateModified":"2025-09-14T12:18:38+00:00","breadcrumb":{"@id":"https:\/\/aurumpoultryco.au\/zh-hant\/product\/fook-wong-chicken-cockerel-maryland-1kg-pack-4-pieces-chi\/#breadcrumb"},"inLanguage":"zh-TW","potentialAction":[{"@type":"ReadAction","target":["https:\/\/aurumpoultryco.au\/zh-hant\/product\/fook-wong-chicken-cockerel-maryland-1kg-pack-4-pieces-chi\/"]}]},{"@type":"ImageObject","inLanguage":"zh-TW","@id":"https:\/\/aurumpoultryco.au\/zh-hant\/product\/fook-wong-chicken-cockerel-maryland-1kg-pack-4-pieces-chi\/#primaryimage","url":"https:\/\/aurumpoultryco.au\/wp-content\/uploads\/2022\/11\/imgonline-com-ua-resize-2Xtb7MWqPa-scaled.webp","contentUrl":"https:\/\/aurumpoultryco.au\/wp-content\/uploads\/2022\/11\/imgonline-com-ua-resize-2Xtb7MWqPa-scaled.webp","width":2560,"height":2560},{"@type":"BreadcrumbList","@id":"https:\/\/aurumpoultryco.au\/zh-hant\/product\/fook-wong-chicken-cockerel-maryland-1kg-pack-4-pieces-chi\/#breadcrumb","itemListElement":[{"@type":"ListItem","position":1,"name":"Home","item":"https:\/\/aurumpoultryco.au\/"},{"@type":"ListItem","position":2,"name":"\u9bae\u7269\u7db2\u5e97\u5e02\u5834","item":"https:\/\/aurumpoultryco.au\/zh-hant\/%e5%ba%97%e9%8b%aa\/"},{"@type":"ListItem","position":3,"name":"\u798f\u7687\u5c11\u723a\u96de | \u9ec3\u6cb9\u5c11\u723a\u96de\u5168\u813e &#8211; \u0110\u00f9i G\u00e0 Da V\u00e0ng"}]},{"@type":"WebSite","@id":"https:\/\/aurumpoultryco.au\/#website","url":"https:\/\/aurumpoultryco.au\/","name":"Aurum Poultry Co.","description":"","publisher":{"@id":"https:\/\/aurumpoultryco.au\/#organization"},"potentialAction":[{"@type":"SearchAction","target":{"@type":"EntryPoint","urlTemplate":"https:\/\/aurumpoultryco.au\/?s={search_term_string}"},"query-input":{"@type":"PropertyValueSpecification","valueRequired":true,"valueName":"search_term_string"}}],"inLanguage":"zh-TW"},{"@type":"Organization","@id":"https:\/\/aurumpoultryco.au\/#organization","name":"Aurum Poultry Co.","url":"https:\/\/aurumpoultryco.au\/","logo":{"@type":"ImageObject","inLanguage":"zh-TW","@id":"https:\/\/aurumpoultryco.au\/#\/schema\/logo\/image\/","url":"https:\/\/aurumpoultryco.au\/wp-content\/uploads\/2022\/11\/black-logo.png","contentUrl":"https:\/\/aurumpoultryco.au\/wp-content\/uploads\/2022\/11\/black-logo.png","width":162,"height":93,"caption":"Aurum Poultry Co."},"image":{"@id":"https:\/\/aurumpoultryco.au\/#\/schema\/logo\/image\/"}}]}},"_links":{"self":[{"href":"https:\/\/aurumpoultryco.au\/zh-hant\/wp-json\/wp\/v2\/product\/1135","targetHints":{"allow":["GET"]}}],"collection":[{"href":"https:\/\/aurumpoultryco.au\/zh-hant\/wp-json\/wp\/v2\/product"}],"about":[{"href":"https:\/\/aurumpoultryco.au\/zh-hant\/wp-json\/wp\/v2\/types\/product"}],"replies":[{"embeddable":true,"href":"https:\/\/aurumpoultryco.au\/zh-hant\/wp-json\/wp\/v2\/comments?post=1135"}],"version-history":[{"count":0,"href":"https:\/\/aurumpoultryco.au\/zh-hant\/wp-json\/wp\/v2\/product\/1135\/revisions"}],"wp:featuredmedia":[{"embeddable":true,"href":"https:\/\/aurumpoultryco.au\/zh-hant\/wp-json\/wp\/v2\/media\/4274"}],"wp:attachment":[{"href":"https:\/\/aurumpoultryco.au\/zh-hant\/wp-json\/wp\/v2\/media?parent=1135"}],"wp:term":[{"taxonomy":"product_brand","embeddable":true,"href":"https:\/\/aurumpoultryco.au\/zh-hant\/wp-json\/wp\/v2\/product_brand?post=1135"},{"taxonomy":"product_cat","embeddable":true,"href":"https:\/\/aurumpoultryco.au\/zh-hant\/wp-json\/wp\/v2\/product_cat?post=1135"},{"taxonomy":"product_tag","embeddable":true,"href":"https:\/\/aurumpoultryco.au\/zh-hant\/wp-json\/wp\/v2\/product_tag?post=1135"}],"curies":[{"name":"wp","href":"https:\/\/api.w.org\/{rel}","templated":true}]}}