{"id":1144,"date":"2022-11-07T11:57:09","date_gmt":"2022-11-07T00:57:09","guid":{"rendered":"https:\/\/aurumpoultryco.au\/product\/%e7%a6%8f%e7%9a%87%e5%b0%91%e7%88%ba%e9%9b%9e-%e9%bb%83%e6%b2%b9%e5%b0%91%e7%88%ba%e9%9b%9e%e9%9b%9c-%e9%9b%9e%e5%bf%83-%e9%9b%9e%e8%83%97-%e9%9b%9e%e8%82%9d-long-ga\/"},"modified":"2025-06-05T16:22:23","modified_gmt":"2025-06-05T05:22:23","slug":"fook-wong-cockerel-chicken-offal-mix-chi","status":"publish","type":"product","link":"https:\/\/aurumpoultryco.au\/zh-hant\/product\/fook-wong-cockerel-chicken-offal-mix-chi\/","title":{"rendered":"\u798f\u7687\u5c11\u723a\u96de | \u9ec3\u6cb9\u5c11\u723a\u96de\u96dc (\u96de\u5fc3, \u96de\u80d7, \u96de\u809d) &#8211; L\u00f2ng G\u00e0 Da V\u00e0ng"},"content":{"rendered":"<p><span style=\"font-weight: 400;\">\u9ec3\u6cb9\u5c11\u723a\u96de\u96dc, \u8655\u7406\u4e7e\u6de8, \u6c92\u6709\u8165\u5473\u3002 \u5404\u7a2e\u5167\u81df\u5e36\u8457\u4e0d\u540c\u7684\u53e3\u611f\u7279\u8272, \u4ee4\u4eba\u56de\u5473\uff0c \u5c11\u723a\u96de\u96dc\u9069\u5408\u591a\u7a2e\u70f9\u98ea\u65b9\u5f0f, \u53ef\u9e75\u6216\u7092\u4e5f\u53ef\u70e4, \u8b93\u4eba\u56de\u5473\u7121\u7aae\u3002 <\/span><\/p>\n","protected":false},"excerpt":{"rendered":"<p>\u9ec3\u6cb9\u5c11\u723a\u96de\u96dc, \u8655\u7406\u4e7e\u6de8, \u6c92\u6709\u8165\u5473\u3002 \u5404\u7a2e\u5167\u81df\u5e36\u8457\u4e0d\u540c\u7684\u53e3\u611f\u7279\u8272, \u4ee4\u4eba\u56de\u5473\uff0c \u5c11\u723a\u96de\u96dc\u9069\u5408\u591a\u7a2e\u70f9\u98ea\u65b9\u5f0f,  [&hellip;]<\/p>\n","protected":false},"featured_media":836,"comment_status":"open","ping_status":"closed","template":"","meta":{"_acf_changed":false,"wprm-recipe-roundup-name":"","wprm-recipe-roundup-description":"","_sitemap_exclude":false,"_sitemap_priority":"","_sitemap_frequency":""},"product_brand":[],"product_cat":[80,79,84],"product_tag":[],"class_list":{"0":"post-1144","1":"product","2":"type-product","3":"status-publish","4":"has-post-thumbnail","6":"product_cat-80","7":"product_cat-79","8":"product_cat-84","9":"entry","10":"has-media","12":"first","13":"outofstock","14":"shipping-taxable","15":"purchasable","16":"product-type-simple"},"acf":[],"yoast_head":"<!-- This site is optimized with the Yoast SEO plugin v24.8.1 - https:\/\/yoast.com\/wordpress\/plugins\/seo\/ -->\n<title>\u798f\u7687\u96de\u5167\u81df\u51fa\u552e \u6fb3\u5927\u5229\u4e9e | \u91d1\u724c\u6fb3\u6d32\u5bb6\u79bd\u9bae\u7269\u6709\u9650\u516c\u53f8<\/title>\n<meta name=\"description\" content=\"\u96de\u5167\u81df\u662f\u86cb\u767d\u8cea\u3001\u9435\u548c\u5176\u4ed6\u71df\u990a\u7d20\u7684\u91cd\u8981\u4f86\u6e90\u3002 \u96de\u5167\u81df\u53ef\u4ee5\u71c9\uff0c\u70e4\u6216\u70b8\uff0c\u7528\u9019\u7a2e\u65b9\u6cd5\u5473\u9053\u5f88\u68d2\u3002\" \/>\n<meta name=\"robots\" content=\"index, follow, max-snippet:-1, max-image-preview:large, max-video-preview:-1\" \/>\n<link rel=\"canonical\" href=\"https:\/\/aurumpoultryco.au\/zh-hant\/product\/fook-wong-cockerel-chicken-offal-mix-chi\/\" \/>\n<meta property=\"og:locale\" content=\"zh_TW\" \/>\n<meta property=\"og:type\" content=\"article\" \/>\n<meta property=\"og:title\" content=\"\u798f\u7687\u96de\u5167\u81df\u51fa\u552e \u6fb3\u5927\u5229\u4e9e | \u91d1\u724c\u6fb3\u6d32\u5bb6\u79bd\u9bae\u7269\u6709\u9650\u516c\u53f8\" \/>\n<meta property=\"og:description\" content=\"\u96de\u5167\u81df\u662f\u86cb\u767d\u8cea\u3001\u9435\u548c\u5176\u4ed6\u71df\u990a\u7d20\u7684\u91cd\u8981\u4f86\u6e90\u3002 \u96de\u5167\u81df\u53ef\u4ee5\u71c9\uff0c\u70e4\u6216\u70b8\uff0c\u7528\u9019\u7a2e\u65b9\u6cd5\u5473\u9053\u5f88\u68d2\u3002\" \/>\n<meta property=\"og:url\" content=\"https:\/\/aurumpoultryco.au\/zh-hant\/product\/fook-wong-cockerel-chicken-offal-mix-chi\/\" \/>\n<meta property=\"og:site_name\" content=\"Aurum Poultry Co.\" \/>\n<meta property=\"article:modified_time\" content=\"2025-06-05T05:22:23+00:00\" \/>\n<meta name=\"twitter:card\" content=\"summary_large_image\" \/>\n<meta name=\"twitter:label1\" content=\"\u9810\u4f30\u95b1\u8b80\u6642\u9593\" \/>\n\t<meta name=\"twitter:data1\" content=\"1 \u5206\u9418\" \/>\n<script type=\"application\/ld+json\" class=\"yoast-schema-graph\">{\"@context\":\"https:\/\/schema.org\",\"@graph\":[{\"@type\":\"WebPage\",\"@id\":\"https:\/\/aurumpoultryco.au\/zh-hant\/product\/fook-wong-cockerel-chicken-offal-mix-chi\/\",\"url\":\"https:\/\/aurumpoultryco.au\/zh-hant\/product\/fook-wong-cockerel-chicken-offal-mix-chi\/\",\"name\":\"\u798f\u7687\u96de\u5167\u81df\u51fa\u552e \u6fb3\u5927\u5229\u4e9e | \u91d1\u724c\u6fb3\u6d32\u5bb6\u79bd\u9bae\u7269\u6709\u9650\u516c\u53f8\",\"isPartOf\":{\"@id\":\"https:\/\/aurumpoultryco.au\/#website\"},\"primaryImageOfPage\":{\"@id\":\"https:\/\/aurumpoultryco.au\/zh-hant\/product\/fook-wong-cockerel-chicken-offal-mix-chi\/#primaryimage\"},\"image\":{\"@id\":\"https:\/\/aurumpoultryco.au\/zh-hant\/product\/fook-wong-cockerel-chicken-offal-mix-chi\/#primaryimage\"},\"thumbnailUrl\":\"https:\/\/aurumpoultryco.au\/wp-content\/uploads\/2022\/11\/Fook-Wong-Cockerel-Chicken-Offal-Mix-1.jpg\",\"datePublished\":\"2022-11-07T00:57:09+00:00\",\"dateModified\":\"2025-06-05T05:22:23+00:00\",\"description\":\"\u96de\u5167\u81df\u662f\u86cb\u767d\u8cea\u3001\u9435\u548c\u5176\u4ed6\u71df\u990a\u7d20\u7684\u91cd\u8981\u4f86\u6e90\u3002 \u96de\u5167\u81df\u53ef\u4ee5\u71c9\uff0c\u70e4\u6216\u70b8\uff0c\u7528\u9019\u7a2e\u65b9\u6cd5\u5473\u9053\u5f88\u68d2\u3002\",\"breadcrumb\":{\"@id\":\"https:\/\/aurumpoultryco.au\/zh-hant\/product\/fook-wong-cockerel-chicken-offal-mix-chi\/#breadcrumb\"},\"inLanguage\":\"zh-TW\",\"potentialAction\":[{\"@type\":\"ReadAction\",\"target\":[\"https:\/\/aurumpoultryco.au\/zh-hant\/product\/fook-wong-cockerel-chicken-offal-mix-chi\/\"]}]},{\"@type\":\"ImageObject\",\"inLanguage\":\"zh-TW\",\"@id\":\"https:\/\/aurumpoultryco.au\/zh-hant\/product\/fook-wong-cockerel-chicken-offal-mix-chi\/#primaryimage\",\"url\":\"https:\/\/aurumpoultryco.au\/wp-content\/uploads\/2022\/11\/Fook-Wong-Cockerel-Chicken-Offal-Mix-1.jpg\",\"contentUrl\":\"https:\/\/aurumpoultryco.au\/wp-content\/uploads\/2022\/11\/Fook-Wong-Cockerel-Chicken-Offal-Mix-1.jpg\",\"width\":800,\"height\":800,\"caption\":\"Cockerel chicken offal mix\"},{\"@type\":\"BreadcrumbList\",\"@id\":\"https:\/\/aurumpoultryco.au\/zh-hant\/product\/fook-wong-cockerel-chicken-offal-mix-chi\/#breadcrumb\",\"itemListElement\":[{\"@type\":\"ListItem\",\"position\":1,\"name\":\"Home\",\"item\":\"https:\/\/aurumpoultryco.au\/\"},{\"@type\":\"ListItem\",\"position\":2,\"name\":\"\u9bae\u7269\u7db2\u5e97\u5e02\u5834\",\"item\":\"https:\/\/aurumpoultryco.au\/zh-hant\/%e5%ba%97%e9%8b%aa\/\"},{\"@type\":\"ListItem\",\"position\":3,\"name\":\"\u798f\u7687\u5c11\u723a\u96de | \u9ec3\u6cb9\u5c11\u723a\u96de\u96dc (\u96de\u5fc3, \u96de\u80d7, \u96de\u809d) &#8211; L\u00f2ng G\u00e0 Da V\u00e0ng\"}]},{\"@type\":\"WebSite\",\"@id\":\"https:\/\/aurumpoultryco.au\/#website\",\"url\":\"https:\/\/aurumpoultryco.au\/\",\"name\":\"Aurum Poultry Co.\",\"description\":\"\",\"publisher\":{\"@id\":\"https:\/\/aurumpoultryco.au\/#organization\"},\"potentialAction\":[{\"@type\":\"SearchAction\",\"target\":{\"@type\":\"EntryPoint\",\"urlTemplate\":\"https:\/\/aurumpoultryco.au\/?s={search_term_string}\"},\"query-input\":{\"@type\":\"PropertyValueSpecification\",\"valueRequired\":true,\"valueName\":\"search_term_string\"}}],\"inLanguage\":\"zh-TW\"},{\"@type\":\"Organization\",\"@id\":\"https:\/\/aurumpoultryco.au\/#organization\",\"name\":\"Aurum Poultry Co.\",\"url\":\"https:\/\/aurumpoultryco.au\/\",\"logo\":{\"@type\":\"ImageObject\",\"inLanguage\":\"zh-TW\",\"@id\":\"https:\/\/aurumpoultryco.au\/#\/schema\/logo\/image\/\",\"url\":\"https:\/\/aurumpoultryco.au\/wp-content\/uploads\/2022\/11\/black-logo.png\",\"contentUrl\":\"https:\/\/aurumpoultryco.au\/wp-content\/uploads\/2022\/11\/black-logo.png\",\"width\":162,\"height\":93,\"caption\":\"Aurum Poultry Co.\"},\"image\":{\"@id\":\"https:\/\/aurumpoultryco.au\/#\/schema\/logo\/image\/\"}}]}<\/script>\n<!-- \/ Yoast SEO plugin. -->","yoast_head_json":{"title":"\u798f\u7687\u96de\u5167\u81df\u51fa\u552e \u6fb3\u5927\u5229\u4e9e | \u91d1\u724c\u6fb3\u6d32\u5bb6\u79bd\u9bae\u7269\u6709\u9650\u516c\u53f8","description":"\u96de\u5167\u81df\u662f\u86cb\u767d\u8cea\u3001\u9435\u548c\u5176\u4ed6\u71df\u990a\u7d20\u7684\u91cd\u8981\u4f86\u6e90\u3002 \u96de\u5167\u81df\u53ef\u4ee5\u71c9\uff0c\u70e4\u6216\u70b8\uff0c\u7528\u9019\u7a2e\u65b9\u6cd5\u5473\u9053\u5f88\u68d2\u3002","robots":{"index":"index","follow":"follow","max-snippet":"max-snippet:-1","max-image-preview":"max-image-preview:large","max-video-preview":"max-video-preview:-1"},"canonical":"https:\/\/aurumpoultryco.au\/zh-hant\/product\/fook-wong-cockerel-chicken-offal-mix-chi\/","og_locale":"zh_TW","og_type":"article","og_title":"\u798f\u7687\u96de\u5167\u81df\u51fa\u552e \u6fb3\u5927\u5229\u4e9e | \u91d1\u724c\u6fb3\u6d32\u5bb6\u79bd\u9bae\u7269\u6709\u9650\u516c\u53f8","og_description":"\u96de\u5167\u81df\u662f\u86cb\u767d\u8cea\u3001\u9435\u548c\u5176\u4ed6\u71df\u990a\u7d20\u7684\u91cd\u8981\u4f86\u6e90\u3002 \u96de\u5167\u81df\u53ef\u4ee5\u71c9\uff0c\u70e4\u6216\u70b8\uff0c\u7528\u9019\u7a2e\u65b9\u6cd5\u5473\u9053\u5f88\u68d2\u3002","og_url":"https:\/\/aurumpoultryco.au\/zh-hant\/product\/fook-wong-cockerel-chicken-offal-mix-chi\/","og_site_name":"Aurum Poultry Co.","article_modified_time":"2025-06-05T05:22:23+00:00","twitter_card":"summary_large_image","twitter_misc":{"\u9810\u4f30\u95b1\u8b80\u6642\u9593":"1 \u5206\u9418"},"schema":{"@context":"https:\/\/schema.org","@graph":[{"@type":"WebPage","@id":"https:\/\/aurumpoultryco.au\/zh-hant\/product\/fook-wong-cockerel-chicken-offal-mix-chi\/","url":"https:\/\/aurumpoultryco.au\/zh-hant\/product\/fook-wong-cockerel-chicken-offal-mix-chi\/","name":"\u798f\u7687\u96de\u5167\u81df\u51fa\u552e \u6fb3\u5927\u5229\u4e9e | \u91d1\u724c\u6fb3\u6d32\u5bb6\u79bd\u9bae\u7269\u6709\u9650\u516c\u53f8","isPartOf":{"@id":"https:\/\/aurumpoultryco.au\/#website"},"primaryImageOfPage":{"@id":"https:\/\/aurumpoultryco.au\/zh-hant\/product\/fook-wong-cockerel-chicken-offal-mix-chi\/#primaryimage"},"image":{"@id":"https:\/\/aurumpoultryco.au\/zh-hant\/product\/fook-wong-cockerel-chicken-offal-mix-chi\/#primaryimage"},"thumbnailUrl":"https:\/\/aurumpoultryco.au\/wp-content\/uploads\/2022\/11\/Fook-Wong-Cockerel-Chicken-Offal-Mix-1.jpg","datePublished":"2022-11-07T00:57:09+00:00","dateModified":"2025-06-05T05:22:23+00:00","description":"\u96de\u5167\u81df\u662f\u86cb\u767d\u8cea\u3001\u9435\u548c\u5176\u4ed6\u71df\u990a\u7d20\u7684\u91cd\u8981\u4f86\u6e90\u3002 \u96de\u5167\u81df\u53ef\u4ee5\u71c9\uff0c\u70e4\u6216\u70b8\uff0c\u7528\u9019\u7a2e\u65b9\u6cd5\u5473\u9053\u5f88\u68d2\u3002","breadcrumb":{"@id":"https:\/\/aurumpoultryco.au\/zh-hant\/product\/fook-wong-cockerel-chicken-offal-mix-chi\/#breadcrumb"},"inLanguage":"zh-TW","potentialAction":[{"@type":"ReadAction","target":["https:\/\/aurumpoultryco.au\/zh-hant\/product\/fook-wong-cockerel-chicken-offal-mix-chi\/"]}]},{"@type":"ImageObject","inLanguage":"zh-TW","@id":"https:\/\/aurumpoultryco.au\/zh-hant\/product\/fook-wong-cockerel-chicken-offal-mix-chi\/#primaryimage","url":"https:\/\/aurumpoultryco.au\/wp-content\/uploads\/2022\/11\/Fook-Wong-Cockerel-Chicken-Offal-Mix-1.jpg","contentUrl":"https:\/\/aurumpoultryco.au\/wp-content\/uploads\/2022\/11\/Fook-Wong-Cockerel-Chicken-Offal-Mix-1.jpg","width":800,"height":800,"caption":"Cockerel chicken offal mix"},{"@type":"BreadcrumbList","@id":"https:\/\/aurumpoultryco.au\/zh-hant\/product\/fook-wong-cockerel-chicken-offal-mix-chi\/#breadcrumb","itemListElement":[{"@type":"ListItem","position":1,"name":"Home","item":"https:\/\/aurumpoultryco.au\/"},{"@type":"ListItem","position":2,"name":"\u9bae\u7269\u7db2\u5e97\u5e02\u5834","item":"https:\/\/aurumpoultryco.au\/zh-hant\/%e5%ba%97%e9%8b%aa\/"},{"@type":"ListItem","position":3,"name":"\u798f\u7687\u5c11\u723a\u96de | \u9ec3\u6cb9\u5c11\u723a\u96de\u96dc (\u96de\u5fc3, \u96de\u80d7, \u96de\u809d) &#8211; L\u00f2ng G\u00e0 Da V\u00e0ng"}]},{"@type":"WebSite","@id":"https:\/\/aurumpoultryco.au\/#website","url":"https:\/\/aurumpoultryco.au\/","name":"Aurum Poultry Co.","description":"","publisher":{"@id":"https:\/\/aurumpoultryco.au\/#organization"},"potentialAction":[{"@type":"SearchAction","target":{"@type":"EntryPoint","urlTemplate":"https:\/\/aurumpoultryco.au\/?s={search_term_string}"},"query-input":{"@type":"PropertyValueSpecification","valueRequired":true,"valueName":"search_term_string"}}],"inLanguage":"zh-TW"},{"@type":"Organization","@id":"https:\/\/aurumpoultryco.au\/#organization","name":"Aurum Poultry Co.","url":"https:\/\/aurumpoultryco.au\/","logo":{"@type":"ImageObject","inLanguage":"zh-TW","@id":"https:\/\/aurumpoultryco.au\/#\/schema\/logo\/image\/","url":"https:\/\/aurumpoultryco.au\/wp-content\/uploads\/2022\/11\/black-logo.png","contentUrl":"https:\/\/aurumpoultryco.au\/wp-content\/uploads\/2022\/11\/black-logo.png","width":162,"height":93,"caption":"Aurum Poultry Co."},"image":{"@id":"https:\/\/aurumpoultryco.au\/#\/schema\/logo\/image\/"}}]}},"_links":{"self":[{"href":"https:\/\/aurumpoultryco.au\/zh-hant\/wp-json\/wp\/v2\/product\/1144","targetHints":{"allow":["GET"]}}],"collection":[{"href":"https:\/\/aurumpoultryco.au\/zh-hant\/wp-json\/wp\/v2\/product"}],"about":[{"href":"https:\/\/aurumpoultryco.au\/zh-hant\/wp-json\/wp\/v2\/types\/product"}],"replies":[{"embeddable":true,"href":"https:\/\/aurumpoultryco.au\/zh-hant\/wp-json\/wp\/v2\/comments?post=1144"}],"version-history":[{"count":0,"href":"https:\/\/aurumpoultryco.au\/zh-hant\/wp-json\/wp\/v2\/product\/1144\/revisions"}],"wp:featuredmedia":[{"embeddable":true,"href":"https:\/\/aurumpoultryco.au\/zh-hant\/wp-json\/wp\/v2\/media\/836"}],"wp:attachment":[{"href":"https:\/\/aurumpoultryco.au\/zh-hant\/wp-json\/wp\/v2\/media?parent=1144"}],"wp:term":[{"taxonomy":"product_brand","embeddable":true,"href":"https:\/\/aurumpoultryco.au\/zh-hant\/wp-json\/wp\/v2\/product_brand?post=1144"},{"taxonomy":"product_cat","embeddable":true,"href":"https:\/\/aurumpoultryco.au\/zh-hant\/wp-json\/wp\/v2\/product_cat?post=1144"},{"taxonomy":"product_tag","embeddable":true,"href":"https:\/\/aurumpoultryco.au\/zh-hant\/wp-json\/wp\/v2\/product_tag?post=1144"}],"curies":[{"name":"wp","href":"https:\/\/api.w.org\/{rel}","templated":true}]}}