{"id":1147,"date":"2022-11-07T02:23:03","date_gmt":"2022-11-06T15:23:03","guid":{"rendered":"https:\/\/aurumpoultryco.au\/product\/%e9%87%91%e7%89%8c%e8%80%81%e6%af%8d%e9%9b%9e-ga-mai-gia\/"},"modified":"2025-06-05T16:22:23","modified_gmt":"2025-06-05T05:22:23","slug":"steamer-chicken-whole-chi","status":"publish","type":"product","link":"https:\/\/aurumpoultryco.au\/zh-hant\/product\/steamer-chicken-whole-chi\/","title":{"rendered":"\u91d1\u724c\u8001\u6bcd\u96de (\u51b7\u6db7) &#8211; G\u00e0 M\u00e1i Gi\u00e0"},"content":{"rendered":"<p>\u96de\u8089\u8d8a\u8001\uff0c\u96de\u8089\u7684\u9bae\u751c\u4f4d\uff0c\u5c31\u8d8a\u6fc3\u90c1\u3002 \u56e0\u6b64\uff0c\u91d1\u724c\u8001\u6bcd\u96de\u7279\u5225\u9069\u5408\u4f86\u71c9\u716e\u96de\u6e6f\u3002<\/p>\n<p>\u4e2d\u91ab\u8a8d\u70ba\uff0c\u8001\u6bcd\u96de\u6e6f\u7684\u6027\u8cea\u6eab\u548c\uff0c\u66f4\u9069\u5408\u5b55\u5a66\u3001\u8001\u4eba\u3001\u8eab\u9ad4\u865b\u5f31\u8005\uff0c\u6216\u662f\u6162\u6027\u75c5\u60a3\u8005\u3002 \u7d93\u5e38\u98f2\u7528\uff0c\u5c0d\u65bc\u6062\u5fa9\u5143\u6c23\uff0c\u6709\u7f8e\u5999\u7684\u6548\u679c\u3002<\/p>\n","protected":false},"excerpt":{"rendered":"<p>\u96de\u8089\u8d8a\u8001\uff0c\u96de\u8089\u7684\u9bae\u751c\u4f4d\uff0c\u5c31\u8d8a\u6fc3\u90c1\u3002 \u56e0\u6b64\uff0c\u91d1\u724c\u8001\u6bcd\u96de\u7279\u5225\u9069\u5408\u4f86\u71c9\u716e\u96de\u6e6f\u3002 \u4e2d\u91ab\u8a8d\u70ba\uff0c\u8001\u6bcd\u96de\u6e6f\u7684\u6027\u8cea\u6eab\u548c\uff0c\u66f4\u9069\u5408 [&hellip;]<\/p>\n","protected":false},"featured_media":857,"comment_status":"open","ping_status":"closed","template":"","meta":{"_acf_changed":false,"wprm-recipe-roundup-name":"","wprm-recipe-roundup-description":"","_sitemap_exclude":false,"_sitemap_priority":"","_sitemap_frequency":""},"product_brand":[],"product_cat":[86],"product_tag":[],"class_list":{"0":"post-1147","1":"product","2":"type-product","3":"status-publish","4":"has-post-thumbnail","6":"product_cat-86","7":"entry","8":"has-media","10":"first","11":"outofstock","12":"shipping-taxable","13":"purchasable","14":"product-type-simple"},"acf":[],"yoast_head":"<!-- This site is optimized with the Yoast SEO plugin v24.8.1 - https:\/\/yoast.com\/wordpress\/plugins\/seo\/ -->\n<title>\u91d1\u724c\u8001\u6bcd\u96de (\u51b7\u6db7) - G\u00e0 M\u00e1i Gi\u00e0 - Aurum Poultry Co.<\/title>\n<meta name=\"robots\" content=\"index, follow, max-snippet:-1, max-image-preview:large, max-video-preview:-1\" \/>\n<link rel=\"canonical\" href=\"https:\/\/aurumpoultryco.au\/zh-hant\/product\/steamer-chicken-whole-chi\/\" \/>\n<meta property=\"og:locale\" content=\"zh_TW\" \/>\n<meta property=\"og:type\" content=\"article\" \/>\n<meta property=\"og:title\" content=\"\u91d1\u724c\u8001\u6bcd\u96de (\u51b7\u6db7) - G\u00e0 M\u00e1i Gi\u00e0 - Aurum Poultry Co.\" \/>\n<meta property=\"og:description\" content=\"\u96de\u8089\u8d8a\u8001\uff0c\u96de\u8089\u7684\u9bae\u751c\u4f4d\uff0c\u5c31\u8d8a\u6fc3\u90c1\u3002 \u56e0\u6b64\uff0c\u91d1\u724c\u8001\u6bcd\u96de\u7279\u5225\u9069\u5408\u4f86\u71c9\u716e\u96de\u6e6f\u3002 \u4e2d\u91ab\u8a8d\u70ba\uff0c\u8001\u6bcd\u96de\u6e6f\u7684\u6027\u8cea\u6eab\u548c\uff0c\u66f4\u9069\u5408 [&hellip;]\" \/>\n<meta property=\"og:url\" content=\"https:\/\/aurumpoultryco.au\/zh-hant\/product\/steamer-chicken-whole-chi\/\" \/>\n<meta property=\"og:site_name\" content=\"Aurum Poultry Co.\" \/>\n<meta property=\"article:modified_time\" content=\"2025-06-05T05:22:23+00:00\" \/>\n<meta name=\"twitter:card\" content=\"summary_large_image\" \/>\n<meta name=\"twitter:label1\" content=\"\u9810\u4f30\u95b1\u8b80\u6642\u9593\" \/>\n\t<meta name=\"twitter:data1\" content=\"1 \u5206\u9418\" \/>\n<script type=\"application\/ld+json\" class=\"yoast-schema-graph\">{\"@context\":\"https:\/\/schema.org\",\"@graph\":[{\"@type\":\"WebPage\",\"@id\":\"https:\/\/aurumpoultryco.au\/zh-hant\/product\/steamer-chicken-whole-chi\/\",\"url\":\"https:\/\/aurumpoultryco.au\/zh-hant\/product\/steamer-chicken-whole-chi\/\",\"name\":\"\u91d1\u724c\u8001\u6bcd\u96de (\u51b7\u6db7) - G\u00e0 M\u00e1i Gi\u00e0 - Aurum Poultry Co.\",\"isPartOf\":{\"@id\":\"https:\/\/aurumpoultryco.au\/#website\"},\"primaryImageOfPage\":{\"@id\":\"https:\/\/aurumpoultryco.au\/zh-hant\/product\/steamer-chicken-whole-chi\/#primaryimage\"},\"image\":{\"@id\":\"https:\/\/aurumpoultryco.au\/zh-hant\/product\/steamer-chicken-whole-chi\/#primaryimage\"},\"thumbnailUrl\":\"https:\/\/aurumpoultryco.au\/wp-content\/uploads\/2022\/11\/Steamer-Chicken.jpg\",\"datePublished\":\"2022-11-06T15:23:03+00:00\",\"dateModified\":\"2025-06-05T05:22:23+00:00\",\"breadcrumb\":{\"@id\":\"https:\/\/aurumpoultryco.au\/zh-hant\/product\/steamer-chicken-whole-chi\/#breadcrumb\"},\"inLanguage\":\"zh-TW\",\"potentialAction\":[{\"@type\":\"ReadAction\",\"target\":[\"https:\/\/aurumpoultryco.au\/zh-hant\/product\/steamer-chicken-whole-chi\/\"]}]},{\"@type\":\"ImageObject\",\"inLanguage\":\"zh-TW\",\"@id\":\"https:\/\/aurumpoultryco.au\/zh-hant\/product\/steamer-chicken-whole-chi\/#primaryimage\",\"url\":\"https:\/\/aurumpoultryco.au\/wp-content\/uploads\/2022\/11\/Steamer-Chicken.jpg\",\"contentUrl\":\"https:\/\/aurumpoultryco.au\/wp-content\/uploads\/2022\/11\/Steamer-Chicken.jpg\",\"width\":800,\"height\":800},{\"@type\":\"BreadcrumbList\",\"@id\":\"https:\/\/aurumpoultryco.au\/zh-hant\/product\/steamer-chicken-whole-chi\/#breadcrumb\",\"itemListElement\":[{\"@type\":\"ListItem\",\"position\":1,\"name\":\"Home\",\"item\":\"https:\/\/aurumpoultryco.au\/\"},{\"@type\":\"ListItem\",\"position\":2,\"name\":\"\u9bae\u7269\u7db2\u5e97\u5e02\u5834\",\"item\":\"https:\/\/aurumpoultryco.au\/zh-hant\/%e5%ba%97%e9%8b%aa\/\"},{\"@type\":\"ListItem\",\"position\":3,\"name\":\"\u91d1\u724c\u8001\u6bcd\u96de (\u51b7\u6db7) &#8211; G\u00e0 M\u00e1i Gi\u00e0\"}]},{\"@type\":\"WebSite\",\"@id\":\"https:\/\/aurumpoultryco.au\/#website\",\"url\":\"https:\/\/aurumpoultryco.au\/\",\"name\":\"Aurum Poultry Co.\",\"description\":\"\",\"publisher\":{\"@id\":\"https:\/\/aurumpoultryco.au\/#organization\"},\"potentialAction\":[{\"@type\":\"SearchAction\",\"target\":{\"@type\":\"EntryPoint\",\"urlTemplate\":\"https:\/\/aurumpoultryco.au\/?s={search_term_string}\"},\"query-input\":{\"@type\":\"PropertyValueSpecification\",\"valueRequired\":true,\"valueName\":\"search_term_string\"}}],\"inLanguage\":\"zh-TW\"},{\"@type\":\"Organization\",\"@id\":\"https:\/\/aurumpoultryco.au\/#organization\",\"name\":\"Aurum Poultry Co.\",\"url\":\"https:\/\/aurumpoultryco.au\/\",\"logo\":{\"@type\":\"ImageObject\",\"inLanguage\":\"zh-TW\",\"@id\":\"https:\/\/aurumpoultryco.au\/#\/schema\/logo\/image\/\",\"url\":\"https:\/\/aurumpoultryco.au\/wp-content\/uploads\/2022\/11\/black-logo.png\",\"contentUrl\":\"https:\/\/aurumpoultryco.au\/wp-content\/uploads\/2022\/11\/black-logo.png\",\"width\":162,\"height\":93,\"caption\":\"Aurum Poultry Co.\"},\"image\":{\"@id\":\"https:\/\/aurumpoultryco.au\/#\/schema\/logo\/image\/\"}}]}<\/script>\n<!-- \/ Yoast SEO plugin. -->","yoast_head_json":{"title":"\u91d1\u724c\u8001\u6bcd\u96de (\u51b7\u6db7) - G\u00e0 M\u00e1i Gi\u00e0 - Aurum Poultry Co.","robots":{"index":"index","follow":"follow","max-snippet":"max-snippet:-1","max-image-preview":"max-image-preview:large","max-video-preview":"max-video-preview:-1"},"canonical":"https:\/\/aurumpoultryco.au\/zh-hant\/product\/steamer-chicken-whole-chi\/","og_locale":"zh_TW","og_type":"article","og_title":"\u91d1\u724c\u8001\u6bcd\u96de (\u51b7\u6db7) - G\u00e0 M\u00e1i Gi\u00e0 - Aurum Poultry Co.","og_description":"\u96de\u8089\u8d8a\u8001\uff0c\u96de\u8089\u7684\u9bae\u751c\u4f4d\uff0c\u5c31\u8d8a\u6fc3\u90c1\u3002 \u56e0\u6b64\uff0c\u91d1\u724c\u8001\u6bcd\u96de\u7279\u5225\u9069\u5408\u4f86\u71c9\u716e\u96de\u6e6f\u3002 \u4e2d\u91ab\u8a8d\u70ba\uff0c\u8001\u6bcd\u96de\u6e6f\u7684\u6027\u8cea\u6eab\u548c\uff0c\u66f4\u9069\u5408 [&hellip;]","og_url":"https:\/\/aurumpoultryco.au\/zh-hant\/product\/steamer-chicken-whole-chi\/","og_site_name":"Aurum Poultry Co.","article_modified_time":"2025-06-05T05:22:23+00:00","twitter_card":"summary_large_image","twitter_misc":{"\u9810\u4f30\u95b1\u8b80\u6642\u9593":"1 \u5206\u9418"},"schema":{"@context":"https:\/\/schema.org","@graph":[{"@type":"WebPage","@id":"https:\/\/aurumpoultryco.au\/zh-hant\/product\/steamer-chicken-whole-chi\/","url":"https:\/\/aurumpoultryco.au\/zh-hant\/product\/steamer-chicken-whole-chi\/","name":"\u91d1\u724c\u8001\u6bcd\u96de (\u51b7\u6db7) - G\u00e0 M\u00e1i Gi\u00e0 - Aurum Poultry Co.","isPartOf":{"@id":"https:\/\/aurumpoultryco.au\/#website"},"primaryImageOfPage":{"@id":"https:\/\/aurumpoultryco.au\/zh-hant\/product\/steamer-chicken-whole-chi\/#primaryimage"},"image":{"@id":"https:\/\/aurumpoultryco.au\/zh-hant\/product\/steamer-chicken-whole-chi\/#primaryimage"},"thumbnailUrl":"https:\/\/aurumpoultryco.au\/wp-content\/uploads\/2022\/11\/Steamer-Chicken.jpg","datePublished":"2022-11-06T15:23:03+00:00","dateModified":"2025-06-05T05:22:23+00:00","breadcrumb":{"@id":"https:\/\/aurumpoultryco.au\/zh-hant\/product\/steamer-chicken-whole-chi\/#breadcrumb"},"inLanguage":"zh-TW","potentialAction":[{"@type":"ReadAction","target":["https:\/\/aurumpoultryco.au\/zh-hant\/product\/steamer-chicken-whole-chi\/"]}]},{"@type":"ImageObject","inLanguage":"zh-TW","@id":"https:\/\/aurumpoultryco.au\/zh-hant\/product\/steamer-chicken-whole-chi\/#primaryimage","url":"https:\/\/aurumpoultryco.au\/wp-content\/uploads\/2022\/11\/Steamer-Chicken.jpg","contentUrl":"https:\/\/aurumpoultryco.au\/wp-content\/uploads\/2022\/11\/Steamer-Chicken.jpg","width":800,"height":800},{"@type":"BreadcrumbList","@id":"https:\/\/aurumpoultryco.au\/zh-hant\/product\/steamer-chicken-whole-chi\/#breadcrumb","itemListElement":[{"@type":"ListItem","position":1,"name":"Home","item":"https:\/\/aurumpoultryco.au\/"},{"@type":"ListItem","position":2,"name":"\u9bae\u7269\u7db2\u5e97\u5e02\u5834","item":"https:\/\/aurumpoultryco.au\/zh-hant\/%e5%ba%97%e9%8b%aa\/"},{"@type":"ListItem","position":3,"name":"\u91d1\u724c\u8001\u6bcd\u96de (\u51b7\u6db7) &#8211; G\u00e0 M\u00e1i Gi\u00e0"}]},{"@type":"WebSite","@id":"https:\/\/aurumpoultryco.au\/#website","url":"https:\/\/aurumpoultryco.au\/","name":"Aurum Poultry Co.","description":"","publisher":{"@id":"https:\/\/aurumpoultryco.au\/#organization"},"potentialAction":[{"@type":"SearchAction","target":{"@type":"EntryPoint","urlTemplate":"https:\/\/aurumpoultryco.au\/?s={search_term_string}"},"query-input":{"@type":"PropertyValueSpecification","valueRequired":true,"valueName":"search_term_string"}}],"inLanguage":"zh-TW"},{"@type":"Organization","@id":"https:\/\/aurumpoultryco.au\/#organization","name":"Aurum Poultry Co.","url":"https:\/\/aurumpoultryco.au\/","logo":{"@type":"ImageObject","inLanguage":"zh-TW","@id":"https:\/\/aurumpoultryco.au\/#\/schema\/logo\/image\/","url":"https:\/\/aurumpoultryco.au\/wp-content\/uploads\/2022\/11\/black-logo.png","contentUrl":"https:\/\/aurumpoultryco.au\/wp-content\/uploads\/2022\/11\/black-logo.png","width":162,"height":93,"caption":"Aurum Poultry Co."},"image":{"@id":"https:\/\/aurumpoultryco.au\/#\/schema\/logo\/image\/"}}]}},"_links":{"self":[{"href":"https:\/\/aurumpoultryco.au\/zh-hant\/wp-json\/wp\/v2\/product\/1147","targetHints":{"allow":["GET"]}}],"collection":[{"href":"https:\/\/aurumpoultryco.au\/zh-hant\/wp-json\/wp\/v2\/product"}],"about":[{"href":"https:\/\/aurumpoultryco.au\/zh-hant\/wp-json\/wp\/v2\/types\/product"}],"replies":[{"embeddable":true,"href":"https:\/\/aurumpoultryco.au\/zh-hant\/wp-json\/wp\/v2\/comments?post=1147"}],"version-history":[{"count":0,"href":"https:\/\/aurumpoultryco.au\/zh-hant\/wp-json\/wp\/v2\/product\/1147\/revisions"}],"wp:featuredmedia":[{"embeddable":true,"href":"https:\/\/aurumpoultryco.au\/zh-hant\/wp-json\/wp\/v2\/media\/857"}],"wp:attachment":[{"href":"https:\/\/aurumpoultryco.au\/zh-hant\/wp-json\/wp\/v2\/media?parent=1147"}],"wp:term":[{"taxonomy":"product_brand","embeddable":true,"href":"https:\/\/aurumpoultryco.au\/zh-hant\/wp-json\/wp\/v2\/product_brand?post=1147"},{"taxonomy":"product_cat","embeddable":true,"href":"https:\/\/aurumpoultryco.au\/zh-hant\/wp-json\/wp\/v2\/product_cat?post=1147"},{"taxonomy":"product_tag","embeddable":true,"href":"https:\/\/aurumpoultryco.au\/zh-hant\/wp-json\/wp\/v2\/product_tag?post=1147"}],"curies":[{"name":"wp","href":"https:\/\/api.w.org\/{rel}","templated":true}]}}