{"id":6849,"date":"2025-05-27T18:56:06","date_gmt":"2025-05-27T07:56:06","guid":{"rendered":"https:\/\/aurumpoultryco.au\/product\/%e9%87%91%e7%89%8c%e7%a6%8f%e7%9a%87%e9%9b%9e-%e9%bb%83%e6%b2%b9%e9%9b%9e%e9%a0%85\/"},"modified":"2025-11-28T14:57:29","modified_gmt":"2025-11-28T03:57:29","slug":"%e9%87%91%e7%89%8c%e7%a6%8f%e7%9a%87%e9%9b%9e-%e9%bb%83%e6%b2%b9%e9%9b%9e%e9%a0%85","status":"publish","type":"product","link":"https:\/\/aurumpoultryco.au\/zh-hant\/product\/%e9%87%91%e7%89%8c%e7%a6%8f%e7%9a%87%e9%9b%9e-%e9%bb%83%e6%b2%b9%e9%9b%9e%e9%a0%85\/","title":{"rendered":"\u91d1\u724c\u798f\u7687\u96de | \u9ec3\u6cb9\u96de\u9805 &#8211; G\u00e0 M\u00e1i Da V\u00e0ng"},"content":{"rendered":"<p>\u7d30\u5ae9\u8089\u8cea\u8207\u5f48\u6027\u53e3\u611f\u7684\u7d55\u5999\u878d\u5408\u3002 \u7368\u7279\u7684\u91d1\u9ec3\u8272\u96de\u76ae, \u9aa8\u982d\u7e96\u7d30\uff0c\u8089\u8cea\u7d30\u7dfb\uff0c\u52a0\u4e0a\u7121\u8207\u502b\u6bd4\u7684\u6fc3\u539a\u751c\u5473\uff0c\u91d1\u724c\u798f\u7687\u9ec3\u6cb9\u96de\u9805\u662f\u7cbe\u7dfb\u6599\u7406\u7684\u9996\u9078\u98df\u6750\u3002<\/p>\n<p>\u798f\u7687\u96de\u9805\u9069\u5408\u591a\u7a2e\u70f9\u98ea\u65b9\u5f0f\uff0c\u53ef\u84b8\u3001\u53ef\u716e\u3001\u53ef\u71c9\u3002 \u5373\u4f7f\u4e45\u716e\uff0c\u8089\u8cea\u4f9d\u7136\u9bae\u5ae9\uff0c\u540c\u6642\u5e36\u8457\u6070\u597d\u7684\u56bc\u52c1\u53e3\u611f\uff0c \u8b93\u4eba\u56de\u5473\u7121\u7aae\u3002<\/p>\n","protected":false},"excerpt":{"rendered":"<p>\u7d30\u5ae9\u8089\u8cea\u8207\u5f48\u6027\u53e3\u611f\u7684\u7d55\u5999\u878d\u5408\u3002 \u7368\u7279\u7684\u91d1\u9ec3\u8272\u96de\u76ae, \u9aa8\u982d\u7e96\u7d30\uff0c\u8089\u8cea\u7d30\u7dfb\uff0c\u52a0\u4e0a\u7121\u8207\u502b\u6bd4\u7684\u6fc3\u539a\u751c\u5473\uff0c\u91d1\u724c\u798f\u7687\u9ec3\u6cb9\u96de [&hellip;]<\/p>\n","protected":false},"featured_media":6727,"comment_status":"open","ping_status":"closed","template":"","meta":{"_acf_changed":false,"wprm-recipe-roundup-name":"","wprm-recipe-roundup-description":"","_sitemap_exclude":false,"_sitemap_priority":"","_sitemap_frequency":""},"product_brand":[],"product_cat":[81,79,86],"product_tag":[],"class_list":{"0":"post-6849","1":"product","2":"type-product","3":"status-publish","4":"has-post-thumbnail","6":"product_cat-81","7":"product_cat-79","8":"product_cat-86","9":"entry","10":"has-media","12":"first","13":"outofstock","14":"purchasable","15":"product-type-simple"},"acf":[],"yoast_head":"<!-- This site is optimized with the Yoast SEO plugin v24.8.1 - https:\/\/yoast.com\/wordpress\/plugins\/seo\/ -->\n<title>\u91d1\u724c\u798f\u7687\u96de | \u9ec3\u6cb9\u96de\u9805 - G\u00e0 M\u00e1i Da V\u00e0ng - Aurum Poultry Co.<\/title>\n<meta name=\"robots\" content=\"index, follow, max-snippet:-1, max-image-preview:large, max-video-preview:-1\" \/>\n<link rel=\"canonical\" href=\"https:\/\/aurumpoultryco.au\/product\/pullet-fresh-2\/\" \/>\n<meta property=\"og:locale\" content=\"zh_TW\" \/>\n<meta property=\"og:type\" content=\"article\" \/>\n<meta property=\"og:title\" content=\"\u91d1\u724c\u798f\u7687\u96de | \u9ec3\u6cb9\u96de\u9805 - G\u00e0 M\u00e1i Da V\u00e0ng - Aurum Poultry Co.\" \/>\n<meta property=\"og:description\" content=\"\u7d30\u5ae9\u8089\u8cea\u8207\u5f48\u6027\u53e3\u611f\u7684\u7d55\u5999\u878d\u5408\u3002 \u7368\u7279\u7684\u91d1\u9ec3\u8272\u96de\u76ae, \u9aa8\u982d\u7e96\u7d30\uff0c\u8089\u8cea\u7d30\u7dfb\uff0c\u52a0\u4e0a\u7121\u8207\u502b\u6bd4\u7684\u6fc3\u539a\u751c\u5473\uff0c\u91d1\u724c\u798f\u7687\u9ec3\u6cb9\u96de [&hellip;]\" \/>\n<meta property=\"og:url\" content=\"https:\/\/aurumpoultryco.au\/product\/pullet-fresh-2\/\" \/>\n<meta property=\"og:site_name\" content=\"Aurum Poultry Co.\" \/>\n<meta property=\"article:modified_time\" content=\"2025-11-28T03:57:29+00:00\" \/>\n<meta property=\"og:image\" content=\"https:\/\/aurumpoultryco.au\/wp-content\/uploads\/2025\/05\/Fook-Wong-Chicken-Pullet-WHole-Head-feet-On.jpg\" \/>\n\t<meta property=\"og:image:width\" content=\"800\" \/>\n\t<meta property=\"og:image:height\" content=\"800\" \/>\n\t<meta property=\"og:image:type\" content=\"image\/jpeg\" \/>\n<meta name=\"twitter:card\" content=\"summary_large_image\" \/>\n<meta name=\"twitter:label1\" content=\"\u9810\u4f30\u95b1\u8b80\u6642\u9593\" \/>\n\t<meta name=\"twitter:data1\" content=\"1 \u5206\u9418\" \/>\n<script type=\"application\/ld+json\" class=\"yoast-schema-graph\">{\"@context\":\"https:\/\/schema.org\",\"@graph\":[{\"@type\":\"WebPage\",\"@id\":\"https:\/\/aurumpoultryco.au\/product\/pullet-fresh-2\/\",\"url\":\"https:\/\/aurumpoultryco.au\/product\/pullet-fresh-2\/\",\"name\":\"\u91d1\u724c\u798f\u7687\u96de | \u9ec3\u6cb9\u96de\u9805 - G\u00e0 M\u00e1i Da V\u00e0ng - Aurum Poultry Co.\",\"isPartOf\":{\"@id\":\"https:\/\/aurumpoultryco.au\/#website\"},\"primaryImageOfPage\":{\"@id\":\"https:\/\/aurumpoultryco.au\/product\/pullet-fresh-2\/#primaryimage\"},\"image\":{\"@id\":\"https:\/\/aurumpoultryco.au\/product\/pullet-fresh-2\/#primaryimage\"},\"thumbnailUrl\":\"https:\/\/aurumpoultryco.au\/wp-content\/uploads\/2025\/05\/Fook-Wong-Chicken-Pullet-WHole-Head-feet-On.jpg\",\"datePublished\":\"2025-05-27T07:56:06+00:00\",\"dateModified\":\"2025-11-28T03:57:29+00:00\",\"breadcrumb\":{\"@id\":\"https:\/\/aurumpoultryco.au\/product\/pullet-fresh-2\/#breadcrumb\"},\"inLanguage\":\"zh-TW\",\"potentialAction\":[{\"@type\":\"ReadAction\",\"target\":[\"https:\/\/aurumpoultryco.au\/product\/pullet-fresh-2\/\"]}]},{\"@type\":\"ImageObject\",\"inLanguage\":\"zh-TW\",\"@id\":\"https:\/\/aurumpoultryco.au\/product\/pullet-fresh-2\/#primaryimage\",\"url\":\"https:\/\/aurumpoultryco.au\/wp-content\/uploads\/2025\/05\/Fook-Wong-Chicken-Pullet-WHole-Head-feet-On.jpg\",\"contentUrl\":\"https:\/\/aurumpoultryco.au\/wp-content\/uploads\/2025\/05\/Fook-Wong-Chicken-Pullet-WHole-Head-feet-On.jpg\",\"width\":800,\"height\":800},{\"@type\":\"BreadcrumbList\",\"@id\":\"https:\/\/aurumpoultryco.au\/product\/pullet-fresh-2\/#breadcrumb\",\"itemListElement\":[{\"@type\":\"ListItem\",\"position\":1,\"name\":\"Home\",\"item\":\"https:\/\/aurumpoultryco.au\/\"},{\"@type\":\"ListItem\",\"position\":2,\"name\":\"\u9bae\u7269\u7db2\u5e97\u5e02\u5834\",\"item\":\"https:\/\/aurumpoultryco.au\/zh-hant\/%e5%ba%97%e9%8b%aa\/\"},{\"@type\":\"ListItem\",\"position\":3,\"name\":\"\u91d1\u724c\u798f\u7687\u96de | \u9ec3\u6cb9\u96de\u9805 &#8211; G\u00e0 M\u00e1i Da V\u00e0ng\"}]},{\"@type\":\"WebSite\",\"@id\":\"https:\/\/aurumpoultryco.au\/#website\",\"url\":\"https:\/\/aurumpoultryco.au\/\",\"name\":\"Aurum Poultry Co.\",\"description\":\"\",\"publisher\":{\"@id\":\"https:\/\/aurumpoultryco.au\/#organization\"},\"potentialAction\":[{\"@type\":\"SearchAction\",\"target\":{\"@type\":\"EntryPoint\",\"urlTemplate\":\"https:\/\/aurumpoultryco.au\/?s={search_term_string}\"},\"query-input\":{\"@type\":\"PropertyValueSpecification\",\"valueRequired\":true,\"valueName\":\"search_term_string\"}}],\"inLanguage\":\"zh-TW\"},{\"@type\":\"Organization\",\"@id\":\"https:\/\/aurumpoultryco.au\/#organization\",\"name\":\"Aurum Poultry Co.\",\"url\":\"https:\/\/aurumpoultryco.au\/\",\"logo\":{\"@type\":\"ImageObject\",\"inLanguage\":\"zh-TW\",\"@id\":\"https:\/\/aurumpoultryco.au\/#\/schema\/logo\/image\/\",\"url\":\"https:\/\/aurumpoultryco.au\/wp-content\/uploads\/2022\/11\/black-logo.png\",\"contentUrl\":\"https:\/\/aurumpoultryco.au\/wp-content\/uploads\/2022\/11\/black-logo.png\",\"width\":162,\"height\":93,\"caption\":\"Aurum Poultry Co.\"},\"image\":{\"@id\":\"https:\/\/aurumpoultryco.au\/#\/schema\/logo\/image\/\"}}]}<\/script>\n<!-- \/ Yoast SEO plugin. -->","yoast_head_json":{"title":"\u91d1\u724c\u798f\u7687\u96de | \u9ec3\u6cb9\u96de\u9805 - G\u00e0 M\u00e1i Da V\u00e0ng - Aurum Poultry Co.","robots":{"index":"index","follow":"follow","max-snippet":"max-snippet:-1","max-image-preview":"max-image-preview:large","max-video-preview":"max-video-preview:-1"},"canonical":"https:\/\/aurumpoultryco.au\/product\/pullet-fresh-2\/","og_locale":"zh_TW","og_type":"article","og_title":"\u91d1\u724c\u798f\u7687\u96de | \u9ec3\u6cb9\u96de\u9805 - G\u00e0 M\u00e1i Da V\u00e0ng - Aurum Poultry Co.","og_description":"\u7d30\u5ae9\u8089\u8cea\u8207\u5f48\u6027\u53e3\u611f\u7684\u7d55\u5999\u878d\u5408\u3002 \u7368\u7279\u7684\u91d1\u9ec3\u8272\u96de\u76ae, \u9aa8\u982d\u7e96\u7d30\uff0c\u8089\u8cea\u7d30\u7dfb\uff0c\u52a0\u4e0a\u7121\u8207\u502b\u6bd4\u7684\u6fc3\u539a\u751c\u5473\uff0c\u91d1\u724c\u798f\u7687\u9ec3\u6cb9\u96de [&hellip;]","og_url":"https:\/\/aurumpoultryco.au\/product\/pullet-fresh-2\/","og_site_name":"Aurum Poultry Co.","article_modified_time":"2025-11-28T03:57:29+00:00","og_image":[{"width":800,"height":800,"url":"https:\/\/aurumpoultryco.au\/wp-content\/uploads\/2025\/05\/Fook-Wong-Chicken-Pullet-WHole-Head-feet-On.jpg","type":"image\/jpeg"}],"twitter_card":"summary_large_image","twitter_misc":{"\u9810\u4f30\u95b1\u8b80\u6642\u9593":"1 \u5206\u9418"},"schema":{"@context":"https:\/\/schema.org","@graph":[{"@type":"WebPage","@id":"https:\/\/aurumpoultryco.au\/product\/pullet-fresh-2\/","url":"https:\/\/aurumpoultryco.au\/product\/pullet-fresh-2\/","name":"\u91d1\u724c\u798f\u7687\u96de | \u9ec3\u6cb9\u96de\u9805 - G\u00e0 M\u00e1i Da V\u00e0ng - Aurum Poultry Co.","isPartOf":{"@id":"https:\/\/aurumpoultryco.au\/#website"},"primaryImageOfPage":{"@id":"https:\/\/aurumpoultryco.au\/product\/pullet-fresh-2\/#primaryimage"},"image":{"@id":"https:\/\/aurumpoultryco.au\/product\/pullet-fresh-2\/#primaryimage"},"thumbnailUrl":"https:\/\/aurumpoultryco.au\/wp-content\/uploads\/2025\/05\/Fook-Wong-Chicken-Pullet-WHole-Head-feet-On.jpg","datePublished":"2025-05-27T07:56:06+00:00","dateModified":"2025-11-28T03:57:29+00:00","breadcrumb":{"@id":"https:\/\/aurumpoultryco.au\/product\/pullet-fresh-2\/#breadcrumb"},"inLanguage":"zh-TW","potentialAction":[{"@type":"ReadAction","target":["https:\/\/aurumpoultryco.au\/product\/pullet-fresh-2\/"]}]},{"@type":"ImageObject","inLanguage":"zh-TW","@id":"https:\/\/aurumpoultryco.au\/product\/pullet-fresh-2\/#primaryimage","url":"https:\/\/aurumpoultryco.au\/wp-content\/uploads\/2025\/05\/Fook-Wong-Chicken-Pullet-WHole-Head-feet-On.jpg","contentUrl":"https:\/\/aurumpoultryco.au\/wp-content\/uploads\/2025\/05\/Fook-Wong-Chicken-Pullet-WHole-Head-feet-On.jpg","width":800,"height":800},{"@type":"BreadcrumbList","@id":"https:\/\/aurumpoultryco.au\/product\/pullet-fresh-2\/#breadcrumb","itemListElement":[{"@type":"ListItem","position":1,"name":"Home","item":"https:\/\/aurumpoultryco.au\/"},{"@type":"ListItem","position":2,"name":"\u9bae\u7269\u7db2\u5e97\u5e02\u5834","item":"https:\/\/aurumpoultryco.au\/zh-hant\/%e5%ba%97%e9%8b%aa\/"},{"@type":"ListItem","position":3,"name":"\u91d1\u724c\u798f\u7687\u96de | \u9ec3\u6cb9\u96de\u9805 &#8211; G\u00e0 M\u00e1i Da V\u00e0ng"}]},{"@type":"WebSite","@id":"https:\/\/aurumpoultryco.au\/#website","url":"https:\/\/aurumpoultryco.au\/","name":"Aurum Poultry Co.","description":"","publisher":{"@id":"https:\/\/aurumpoultryco.au\/#organization"},"potentialAction":[{"@type":"SearchAction","target":{"@type":"EntryPoint","urlTemplate":"https:\/\/aurumpoultryco.au\/?s={search_term_string}"},"query-input":{"@type":"PropertyValueSpecification","valueRequired":true,"valueName":"search_term_string"}}],"inLanguage":"zh-TW"},{"@type":"Organization","@id":"https:\/\/aurumpoultryco.au\/#organization","name":"Aurum Poultry Co.","url":"https:\/\/aurumpoultryco.au\/","logo":{"@type":"ImageObject","inLanguage":"zh-TW","@id":"https:\/\/aurumpoultryco.au\/#\/schema\/logo\/image\/","url":"https:\/\/aurumpoultryco.au\/wp-content\/uploads\/2022\/11\/black-logo.png","contentUrl":"https:\/\/aurumpoultryco.au\/wp-content\/uploads\/2022\/11\/black-logo.png","width":162,"height":93,"caption":"Aurum Poultry Co."},"image":{"@id":"https:\/\/aurumpoultryco.au\/#\/schema\/logo\/image\/"}}]}},"_links":{"self":[{"href":"https:\/\/aurumpoultryco.au\/zh-hant\/wp-json\/wp\/v2\/product\/6849","targetHints":{"allow":["GET"]}}],"collection":[{"href":"https:\/\/aurumpoultryco.au\/zh-hant\/wp-json\/wp\/v2\/product"}],"about":[{"href":"https:\/\/aurumpoultryco.au\/zh-hant\/wp-json\/wp\/v2\/types\/product"}],"replies":[{"embeddable":true,"href":"https:\/\/aurumpoultryco.au\/zh-hant\/wp-json\/wp\/v2\/comments?post=6849"}],"version-history":[{"count":0,"href":"https:\/\/aurumpoultryco.au\/zh-hant\/wp-json\/wp\/v2\/product\/6849\/revisions"}],"wp:featuredmedia":[{"embeddable":true,"href":"https:\/\/aurumpoultryco.au\/zh-hant\/wp-json\/wp\/v2\/media\/6727"}],"wp:attachment":[{"href":"https:\/\/aurumpoultryco.au\/zh-hant\/wp-json\/wp\/v2\/media?parent=6849"}],"wp:term":[{"taxonomy":"product_brand","embeddable":true,"href":"https:\/\/aurumpoultryco.au\/zh-hant\/wp-json\/wp\/v2\/product_brand?post=6849"},{"taxonomy":"product_cat","embeddable":true,"href":"https:\/\/aurumpoultryco.au\/zh-hant\/wp-json\/wp\/v2\/product_cat?post=6849"},{"taxonomy":"product_tag","embeddable":true,"href":"https:\/\/aurumpoultryco.au\/zh-hant\/wp-json\/wp\/v2\/product_tag?post=6849"}],"curies":[{"name":"wp","href":"https:\/\/api.w.org\/{rel}","templated":true}]}}